{"id":715,"date":"2025-05-21T16:33:35","date_gmt":"2025-05-21T16:33:35","guid":{"rendered":"https:\/\/inforb-wp.demo.certsign.ro\/?page_id=715"},"modified":"2025-05-26T15:25:39","modified_gmt":"2025-05-26T15:25:39","slug":"blog","status":"publish","type":"page","link":"https:\/\/inforb.ro\/en\/blog\/","title":{"rendered":"Blog"},"content":{"rendered":"<div class=\"wp-block-group alignfull has-global-padding is-layout-constrained wp-container-core-group-is-layout-cb151cc7 wp-block-group-is-layout-constrained\" style=\"margin-top:0;margin-bottom:0;padding-top:0;padding-right:var(--wp--preset--spacing--50);padding-bottom:0;padding-left:var(--wp--preset--spacing--50)\">\n<div class=\"wp-block-group alignwide has-global-padding is-layout-constrained wp-block-group-is-layout-constrained\">\n<div class=\"wp-block-query alignwide is-layout-flow wp-block-query-is-layout-flow\"><ul class=\"wp-block-post-template has-global-padding is-layout-constrained wp-block-post-template-is-layout-constrained\"><li class=\"wp-block-post post-1075 post type-post status-publish format-standard has-post-thumbnail hentry category-blog\">\n\n<hr class=\"wp-block-separator has-text-color has-contrast-3-color has-alpha-channel-opacity has-contrast-3-background-color has-background alignwide is-style-wide\"\/>\n\n\n\n<div class=\"wp-block-columns alignwide are-vertically-aligned-center is-layout-flex wp-container-core-columns-is-layout-33233fb6 wp-block-columns-is-layout-flex\" style=\"margin-top:var(--wp--preset--spacing--20);margin-bottom:var(--wp--preset--spacing--20)\">\n<div class=\"wp-block-column is-vertically-aligned-center is-layout-flow wp-block-column-is-layout-flow\" style=\"padding-top:0;padding-bottom:0;flex-basis:72%\"><h2 style=\"font-size:clamp(1.352rem, 1.352rem + ((1vw - 0.2rem) * 1.06), 2.2rem);line-height:1.1;\" class=\"wp-block-post-title\"><a href=\"https:\/\/inforb.ro\/en\/entry-7-incheierea-sesiunilor-de-instruire-in-securitate-cibernetica-pentru-sectorul-alimentar\/\" target=\"_self\" >Entry 7 - Completion of Cybersecurity Training for the Food Sector<\/a><\/h2>\n\n<div class=\"wp-block-post-excerpt\"><p class=\"wp-block-post-excerpt__excerpt\">La data de 16 iulie 2025, echipa de implementare a proiectului INFORB a finalizat sesiunile de instruire dedicate managementului \u0219i personalului tehnic responsabil de securitatea cibernetic\u0103 \u00een sectorul alimentar. Sesiunile de instruire au fost organizate online, \u00een mai multe etape, fiind dedicate specific fiec\u0103rei regiuni de dezvoltare din Rom\u00e2nia \u0219i Bulgaria. Acestea au abordat subiecte&hellip; <\/p><\/div><\/div>\n\n\n\n<div class=\"wp-block-column is-vertically-aligned-center is-layout-flow wp-block-column-is-layout-flow\" style=\"flex-basis:28%\"><figure class=\"wp-block-post-featured-image\"><img loading=\"lazy\" decoding=\"async\" width=\"1024\" height=\"1536\" src=\"https:\/\/inforb.ro\/wp-content\/uploads\/2025\/07\/Training-Completed.png\" class=\"attachment-post-thumbnail size-post-thumbnail wp-post-image\" alt=\"\" style=\"object-fit:cover;\" srcset=\"https:\/\/inforb.ro\/wp-content\/uploads\/2025\/07\/Training-Completed.png 1024w, https:\/\/inforb.ro\/wp-content\/uploads\/2025\/07\/Training-Completed-200x300.png 200w, https:\/\/inforb.ro\/wp-content\/uploads\/2025\/07\/Training-Completed-683x1024.png 683w, https:\/\/inforb.ro\/wp-content\/uploads\/2025\/07\/Training-Completed-768x1152.png 768w, https:\/\/inforb.ro\/wp-content\/uploads\/2025\/07\/Training-Completed-8x12.png 8w\" sizes=\"auto, (max-width: 1024px) 100vw, 1024px\" \/><\/figure>\n\n<div class=\"wp-block-template-part\">\n<div class=\"wp-block-group is-layout-flow wp-block-group-is-layout-flow\">\n<div class=\"wp-block-group is-content-justification-right is-layout-flex wp-container-core-group-is-layout-44d9140d wp-block-group-is-layout-flex\"><div style=\"font-size:clamp(0.875em, 0.875rem + ((1vw - 0.2em) * 0.531), 1.3em);\" class=\"wp-block-post-date\"><time datetime=\"2025-07-17T09:29:48+00:00\"><a href=\"https:\/\/inforb.ro\/en\/entry-7-incheierea-sesiunilor-de-instruire-in-securitate-cibernetica-pentru-sectorul-alimentar\/\">Jul 17, 2025<\/a><\/time><\/div>\n\n\n<p class=\"has-contrast-2-color has-text-color\"><\/p>\n<\/div>\n<\/div>\n<\/div><\/div>\n<\/div>\n\n<\/li><li class=\"wp-block-post post-1072 post type-post status-publish format-standard has-post-thumbnail hentry category-blog\">\n\n<hr class=\"wp-block-separator has-text-color has-contrast-3-color has-alpha-channel-opacity has-contrast-3-background-color has-background alignwide is-style-wide\"\/>\n\n\n\n<div class=\"wp-block-columns alignwide are-vertically-aligned-center is-layout-flex wp-container-core-columns-is-layout-33233fb6 wp-block-columns-is-layout-flex\" style=\"margin-top:var(--wp--preset--spacing--20);margin-bottom:var(--wp--preset--spacing--20)\">\n<div class=\"wp-block-column is-vertically-aligned-center is-layout-flow wp-block-column-is-layout-flow\" style=\"padding-top:0;padding-bottom:0;flex-basis:72%\"><h2 style=\"font-size:clamp(1.352rem, 1.352rem + ((1vw - 0.2rem) * 1.06), 2.2rem);line-height:1.1;\" class=\"wp-block-post-title\"><a href=\"https:\/\/inforb.ro\/en\/entry-6-evaluarea-securitatii-cibernetice-si-a-lantului-de-aprovizionare-in-sectorul-alimentar\/\" target=\"_self\" >Entry 6 \u2013 Cybersecurity and Supply Chain Evaluation in the Food Sector<\/a><\/h2>\n\n<div class=\"wp-block-post-excerpt\"><p class=\"wp-block-post-excerpt__excerpt\">La data de 24 iunie 2025, echipa de implementare a proiectului INFORB a finalizat studiul av\u00e2nd ca obiectiv evaluarea nivelului de maturitate digital\u0103 \u0219i a practicilor de securitate cibernetic\u0103 \u00een cadrul companiilor din sectorul alimentar. Analiza s-a concentrat asupra caracteristicilor organiza\u021bionale (dimensiune, localizare, profil de activitate) \u0219i a infrastructurii IT&amp;C utilizate, inclusiv a modalit\u0103\u021bilor prin&hellip; <\/p><\/div><\/div>\n\n\n\n<div class=\"wp-block-column is-vertically-aligned-center is-layout-flow wp-block-column-is-layout-flow\" style=\"flex-basis:28%\"><figure class=\"wp-block-post-featured-image\"><img loading=\"lazy\" decoding=\"async\" width=\"1024\" height=\"1536\" src=\"https:\/\/inforb.ro\/wp-content\/uploads\/2025\/07\/Cyber-Eval.png\" class=\"attachment-post-thumbnail size-post-thumbnail wp-post-image\" alt=\"\" style=\"object-fit:cover;\" srcset=\"https:\/\/inforb.ro\/wp-content\/uploads\/2025\/07\/Cyber-Eval.png 1024w, https:\/\/inforb.ro\/wp-content\/uploads\/2025\/07\/Cyber-Eval-200x300.png 200w, https:\/\/inforb.ro\/wp-content\/uploads\/2025\/07\/Cyber-Eval-683x1024.png 683w, https:\/\/inforb.ro\/wp-content\/uploads\/2025\/07\/Cyber-Eval-768x1152.png 768w, https:\/\/inforb.ro\/wp-content\/uploads\/2025\/07\/Cyber-Eval-8x12.png 8w\" sizes=\"auto, (max-width: 1024px) 100vw, 1024px\" \/><\/figure>\n\n<div class=\"wp-block-template-part\">\n<div class=\"wp-block-group is-layout-flow wp-block-group-is-layout-flow\">\n<div class=\"wp-block-group is-content-justification-right is-layout-flex wp-container-core-group-is-layout-44d9140d wp-block-group-is-layout-flex\"><div style=\"font-size:clamp(0.875em, 0.875rem + ((1vw - 0.2em) * 0.531), 1.3em);\" class=\"wp-block-post-date\"><time datetime=\"2025-06-25T09:24:14+00:00\"><a href=\"https:\/\/inforb.ro\/en\/entry-6-evaluarea-securitatii-cibernetice-si-a-lantului-de-aprovizionare-in-sectorul-alimentar\/\">Jun 25, 2025<\/a><\/time><\/div>\n\n\n<p class=\"has-contrast-2-color has-text-color\"><\/p>\n<\/div>\n<\/div>\n<\/div><\/div>\n<\/div>\n\n<\/li><li class=\"wp-block-post post-1069 post type-post status-publish format-standard has-post-thumbnail hentry category-blog\">\n\n<hr class=\"wp-block-separator has-text-color has-contrast-3-color has-alpha-channel-opacity has-contrast-3-background-color has-background alignwide is-style-wide\"\/>\n\n\n\n<div class=\"wp-block-columns alignwide are-vertically-aligned-center is-layout-flex wp-container-core-columns-is-layout-33233fb6 wp-block-columns-is-layout-flex\" style=\"margin-top:var(--wp--preset--spacing--20);margin-bottom:var(--wp--preset--spacing--20)\">\n<div class=\"wp-block-column is-vertically-aligned-center is-layout-flow wp-block-column-is-layout-flow\" style=\"padding-top:0;padding-bottom:0;flex-basis:72%\"><h2 style=\"font-size:clamp(1.352rem, 1.352rem + ((1vw - 0.2rem) * 1.06), 2.2rem);line-height:1.1;\" class=\"wp-block-post-title\"><a href=\"https:\/\/inforb.ro\/en\/entry-5-instruirea-personalului-tehnic-pentru-securitatea-cibernetica-in-sectorul-alimentar\/\" target=\"_self\" >Entry 5 \u2013 First Cybersecurity Training Session for Technical Staff in the Food Sector<\/a><\/h2>\n\n<div class=\"wp-block-post-excerpt\"><p class=\"wp-block-post-excerpt__excerpt\">La data de 21 ianuarie 2025, echipa de implementare a proiectului INFORB din cadrul DNSC a organizat prima sesiune de instruire dedicat\u0103 personalului tehnic responsabil de securitatea cibernetic\u0103 \u00een organiza\u021biile din sectorul alimentar. Programul a abordat teme precum cerin\u021bele Directivei NIS2, termenele de conformare, responsabilit\u0103\u021bile unui CISO, precum \u0219i o prezentare interactiv\u0103 a platformei CORB,&hellip; <\/p><\/div><\/div>\n\n\n\n<div class=\"wp-block-column is-vertically-aligned-center is-layout-flow wp-block-column-is-layout-flow\" style=\"flex-basis:28%\"><figure class=\"wp-block-post-featured-image\"><img loading=\"lazy\" decoding=\"async\" width=\"1536\" height=\"1024\" src=\"https:\/\/inforb.ro\/wp-content\/uploads\/2025\/07\/Cybersec-Train-Food.png\" class=\"attachment-post-thumbnail size-post-thumbnail wp-post-image\" alt=\"\" style=\"object-fit:cover;\" srcset=\"https:\/\/inforb.ro\/wp-content\/uploads\/2025\/07\/Cybersec-Train-Food.png 1536w, https:\/\/inforb.ro\/wp-content\/uploads\/2025\/07\/Cybersec-Train-Food-300x200.png 300w, https:\/\/inforb.ro\/wp-content\/uploads\/2025\/07\/Cybersec-Train-Food-1024x683.png 1024w, https:\/\/inforb.ro\/wp-content\/uploads\/2025\/07\/Cybersec-Train-Food-768x512.png 768w, https:\/\/inforb.ro\/wp-content\/uploads\/2025\/07\/Cybersec-Train-Food-18x12.png 18w\" sizes=\"auto, (max-width: 1536px) 100vw, 1536px\" \/><\/figure>\n\n<div class=\"wp-block-template-part\">\n<div class=\"wp-block-group is-layout-flow wp-block-group-is-layout-flow\">\n<div class=\"wp-block-group is-content-justification-right is-layout-flex wp-container-core-group-is-layout-44d9140d wp-block-group-is-layout-flex\"><div style=\"font-size:clamp(0.875em, 0.875rem + ((1vw - 0.2em) * 0.531), 1.3em);\" class=\"wp-block-post-date\"><time datetime=\"2025-02-22T08:58:00+00:00\"><a href=\"https:\/\/inforb.ro\/en\/entry-5-instruirea-personalului-tehnic-pentru-securitatea-cibernetica-in-sectorul-alimentar\/\">Feb 22, 2025<\/a><\/time><\/div>\n\n\n<p class=\"has-contrast-2-color has-text-color\"><\/p>\n<\/div>\n<\/div>\n<\/div><\/div>\n<\/div>\n\n<\/li><li class=\"wp-block-post post-1066 post type-post status-publish format-standard has-post-thumbnail hentry category-blog\">\n\n<hr class=\"wp-block-separator has-text-color has-contrast-3-color has-alpha-channel-opacity has-contrast-3-background-color has-background alignwide is-style-wide\"\/>\n\n\n\n<div class=\"wp-block-columns alignwide are-vertically-aligned-center is-layout-flex wp-container-core-columns-is-layout-33233fb6 wp-block-columns-is-layout-flex\" style=\"margin-top:var(--wp--preset--spacing--20);margin-bottom:var(--wp--preset--spacing--20)\">\n<div class=\"wp-block-column is-vertically-aligned-center is-layout-flow wp-block-column-is-layout-flow\" style=\"padding-top:0;padding-bottom:0;flex-basis:72%\"><h2 style=\"font-size:clamp(1.352rem, 1.352rem + ((1vw - 0.2rem) * 1.06), 2.2rem);line-height:1.1;\" class=\"wp-block-post-title\"><a href=\"https:\/\/inforb.ro\/en\/entry-4-publicarea-ghidului-de-bune-practici-pentru-implementarea-nis-2-in-sectorul-alimentar\/\" target=\"_self\" >Entry 4 \u2013 Publication of the Good Practice Guide for NIS 2 Implementation in the Food Sector<\/a><\/h2>\n\n<div class=\"wp-block-post-excerpt\"><p class=\"wp-block-post-excerpt__excerpt\">On November 31, 2024, the INFORB project published its Good Practice Guide dedicated to the implementation of the NIS 2 Directive within the food sector.\n\nThe guide outlines sector-specific recommendations, risk management measures, and case-based insights tailored to food production, processing, distribution, and retail actors. It also addresses both technical and organizational safeguards aligned with EU cybersecurity policy.\n\nDeveloped in collaboration with industry stakeholders, cybersecurity professionals, and public authorities from Romania and Bulgaria, the guide serves as a reference document for harmonized, practical application of NIS 2 obligations. <\/p><\/div><\/div>\n\n\n\n<div class=\"wp-block-column is-vertically-aligned-center is-layout-flow wp-block-column-is-layout-flow\" style=\"flex-basis:28%\"><figure class=\"wp-block-post-featured-image\"><img loading=\"lazy\" decoding=\"async\" width=\"1536\" height=\"1024\" src=\"https:\/\/inforb.ro\/wp-content\/uploads\/2025\/07\/Good-practice-guide.png\" class=\"attachment-post-thumbnail size-post-thumbnail wp-post-image\" alt=\"\" style=\"object-fit:cover;\" srcset=\"https:\/\/inforb.ro\/wp-content\/uploads\/2025\/07\/Good-practice-guide.png 1536w, https:\/\/inforb.ro\/wp-content\/uploads\/2025\/07\/Good-practice-guide-300x200.png 300w, https:\/\/inforb.ro\/wp-content\/uploads\/2025\/07\/Good-practice-guide-1024x683.png 1024w, https:\/\/inforb.ro\/wp-content\/uploads\/2025\/07\/Good-practice-guide-768x512.png 768w, https:\/\/inforb.ro\/wp-content\/uploads\/2025\/07\/Good-practice-guide-18x12.png 18w\" sizes=\"auto, (max-width: 1536px) 100vw, 1536px\" \/><\/figure>\n\n<div class=\"wp-block-template-part\">\n<div class=\"wp-block-group is-layout-flow wp-block-group-is-layout-flow\">\n<div class=\"wp-block-group is-content-justification-right is-layout-flex wp-container-core-group-is-layout-44d9140d wp-block-group-is-layout-flex\"><div style=\"font-size:clamp(0.875em, 0.875rem + ((1vw - 0.2em) * 0.531), 1.3em);\" class=\"wp-block-post-date\"><time datetime=\"2025-02-18T08:55:42+00:00\"><a href=\"https:\/\/inforb.ro\/en\/entry-4-publicarea-ghidului-de-bune-practici-pentru-implementarea-nis-2-in-sectorul-alimentar\/\">Feb 18, 2025<\/a><\/time><\/div>\n\n\n<p class=\"has-contrast-2-color has-text-color\"><\/p>\n<\/div>\n<\/div>\n<\/div><\/div>\n<\/div>\n\n<\/li><li class=\"wp-block-post post-1062 post type-post status-publish format-standard has-post-thumbnail hentry category-blog\">\n\n<hr class=\"wp-block-separator has-text-color has-contrast-3-color has-alpha-channel-opacity has-contrast-3-background-color has-background alignwide is-style-wide\"\/>\n\n\n\n<div class=\"wp-block-columns alignwide are-vertically-aligned-center is-layout-flex wp-container-core-columns-is-layout-33233fb6 wp-block-columns-is-layout-flex\" style=\"margin-top:var(--wp--preset--spacing--20);margin-bottom:var(--wp--preset--spacing--20)\">\n<div class=\"wp-block-column is-vertically-aligned-center is-layout-flow wp-block-column-is-layout-flow\" style=\"padding-top:0;padding-bottom:0;flex-basis:72%\"><h2 style=\"font-size:clamp(1.352rem, 1.352rem + ((1vw - 0.2rem) * 1.06), 2.2rem);line-height:1.1;\" class=\"wp-block-post-title\"><a href=\"https:\/\/inforb.ro\/en\/entry-3-prima-sesiune-de-instruire-pentru-management-si-lansarea-platformei-corb\/\" target=\"_self\" >Entry 3 \u2013 First Training for Management and Launch of the CORB Cooperation Platform<\/a><\/h2>\n\n<div class=\"wp-block-post-excerpt\"><p class=\"wp-block-post-excerpt__excerpt\">La data de 12 noiembrie 2024, proiectul INFORB a marcat un dublu eveniment: organizarea primei sesiuni de instruire dedicate managementului entit\u0103\u021bilor din sectorul alimentar \u0219i prezentarea oficial\u0103, \u00een format live, a platformei de cooperare transfrontalier\u0103 CORB (Rom\u00e2nia\u2013Bulgaria). Sesiunea a oferit instruire specific\u0103 privind obliga\u021biile de conformitate, guvernan\u021ba riscurilor \u0219i scenariile de amenin\u021b\u0103ri relevante pentru sectorul&hellip; <\/p><\/div><\/div>\n\n\n\n<div class=\"wp-block-column is-vertically-aligned-center is-layout-flow wp-block-column-is-layout-flow\" style=\"flex-basis:28%\"><figure class=\"wp-block-post-featured-image\"><img loading=\"lazy\" decoding=\"async\" width=\"1024\" height=\"1024\" src=\"https:\/\/inforb.ro\/wp-content\/uploads\/2025\/07\/CORB-popwerpoit.png\" class=\"attachment-post-thumbnail size-post-thumbnail wp-post-image\" alt=\"\" style=\"object-fit:cover;\" srcset=\"https:\/\/inforb.ro\/wp-content\/uploads\/2025\/07\/CORB-popwerpoit.png 1024w, https:\/\/inforb.ro\/wp-content\/uploads\/2025\/07\/CORB-popwerpoit-300x300.png 300w, https:\/\/inforb.ro\/wp-content\/uploads\/2025\/07\/CORB-popwerpoit-150x150.png 150w, https:\/\/inforb.ro\/wp-content\/uploads\/2025\/07\/CORB-popwerpoit-768x768.png 768w, https:\/\/inforb.ro\/wp-content\/uploads\/2025\/07\/CORB-popwerpoit-12x12.png 12w\" sizes=\"auto, (max-width: 1024px) 100vw, 1024px\" \/><\/figure>\n\n<div class=\"wp-block-template-part\">\n<div class=\"wp-block-group is-layout-flow wp-block-group-is-layout-flow\">\n<div class=\"wp-block-group is-content-justification-right is-layout-flex wp-container-core-group-is-layout-44d9140d wp-block-group-is-layout-flex\"><div style=\"font-size:clamp(0.875em, 0.875rem + ((1vw - 0.2em) * 0.531), 1.3em);\" class=\"wp-block-post-date\"><time datetime=\"2025-02-12T08:50:30+00:00\"><a href=\"https:\/\/inforb.ro\/en\/entry-3-prima-sesiune-de-instruire-pentru-management-si-lansarea-platformei-corb\/\">Feb 12, 2025<\/a><\/time><\/div>\n\n\n<p class=\"has-contrast-2-color has-text-color\"><\/p>\n<\/div>\n<\/div>\n<\/div><\/div>\n<\/div>\n\n<\/li><li class=\"wp-block-post post-1059 post type-post status-publish format-standard has-post-thumbnail hentry category-blog\">\n\n<hr class=\"wp-block-separator has-text-color has-contrast-3-color has-alpha-channel-opacity has-contrast-3-background-color has-background alignwide is-style-wide\"\/>\n\n\n\n<div class=\"wp-block-columns alignwide are-vertically-aligned-center is-layout-flex wp-container-core-columns-is-layout-33233fb6 wp-block-columns-is-layout-flex\" style=\"margin-top:var(--wp--preset--spacing--20);margin-bottom:var(--wp--preset--spacing--20)\">\n<div class=\"wp-block-column is-vertically-aligned-center is-layout-flow wp-block-column-is-layout-flow\" style=\"padding-top:0;padding-bottom:0;flex-basis:72%\"><h2 style=\"font-size:clamp(1.352rem, 1.352rem + ((1vw - 0.2rem) * 1.06), 2.2rem);line-height:1.1;\" class=\"wp-block-post-title\"><a href=\"https:\/\/inforb.ro\/en\/entry-2-stabilirea-metodologiei-de-clasificare-a-entitatilor-esentiale-si-importante-din-sectorul-alimentar\/\" target=\"_self\" >Entry 2 \u2013 First Training for Management and Launch of the CORB Cooperation Platform<\/a><\/h2>\n\n<div class=\"wp-block-post-excerpt\"><p class=\"wp-block-post-excerpt__excerpt\">On November 12, 2024, the INFORB project marked a dual milestone: the first cybersecurity training session dedicated to the management of food sector entities, and the official live presentation of the cross-border cooperation platform CORB (Romania\u2013Bulgaria).\n\nThis session provided targeted knowledge on regulatory obligations, risk governance, and sector-specific threat scenarios aligned with the NIS 2 Directive. Management-level representatives gained insights into strategic cybersecurity planning and incident preparedness.\n\nSimultaneously, the CORB platform was publicly demonstrated as a secure digital environment designed to support collaboration, threat intelligence exchange, and coordinated response between Romanian and Bulgarian authorities and stakeholders in the agri-food sector. <\/p><\/div><\/div>\n\n\n\n<div class=\"wp-block-column is-vertically-aligned-center is-layout-flow wp-block-column-is-layout-flow\" style=\"flex-basis:28%\"><figure class=\"wp-block-post-featured-image\"><img loading=\"lazy\" decoding=\"async\" width=\"1024\" height=\"1536\" src=\"https:\/\/inforb.ro\/wp-content\/uploads\/2025\/07\/Esential-Important-volunary.png\" class=\"attachment-post-thumbnail size-post-thumbnail wp-post-image\" alt=\"\" style=\"object-fit:cover;\" srcset=\"https:\/\/inforb.ro\/wp-content\/uploads\/2025\/07\/Esential-Important-volunary.png 1024w, https:\/\/inforb.ro\/wp-content\/uploads\/2025\/07\/Esential-Important-volunary-200x300.png 200w, https:\/\/inforb.ro\/wp-content\/uploads\/2025\/07\/Esential-Important-volunary-683x1024.png 683w, https:\/\/inforb.ro\/wp-content\/uploads\/2025\/07\/Esential-Important-volunary-768x1152.png 768w, https:\/\/inforb.ro\/wp-content\/uploads\/2025\/07\/Esential-Important-volunary-8x12.png 8w\" sizes=\"auto, (max-width: 1024px) 100vw, 1024px\" \/><\/figure>\n\n<div class=\"wp-block-template-part\">\n<div class=\"wp-block-group is-layout-flow wp-block-group-is-layout-flow\">\n<div class=\"wp-block-group is-content-justification-right is-layout-flex wp-container-core-group-is-layout-44d9140d wp-block-group-is-layout-flex\"><div style=\"font-size:clamp(0.875em, 0.875rem + ((1vw - 0.2em) * 0.531), 1.3em);\" class=\"wp-block-post-date\"><time datetime=\"2025-01-21T08:32:31+00:00\"><a href=\"https:\/\/inforb.ro\/en\/entry-2-stabilirea-metodologiei-de-clasificare-a-entitatilor-esentiale-si-importante-din-sectorul-alimentar\/\">Jan 21, 2025<\/a><\/time><\/div>\n\n\n<p class=\"has-contrast-2-color has-text-color\"><\/p>\n<\/div>\n<\/div>\n<\/div><\/div>\n<\/div>\n\n<\/li><li class=\"wp-block-post post-1081 post type-post status-publish format-standard has-post-thumbnail hentry category-blog\">\n\n<hr class=\"wp-block-separator has-text-color has-contrast-3-color has-alpha-channel-opacity has-contrast-3-background-color has-background alignwide is-style-wide\"\/>\n\n\n\n<div class=\"wp-block-columns alignwide are-vertically-aligned-center is-layout-flex wp-container-core-columns-is-layout-33233fb6 wp-block-columns-is-layout-flex\" style=\"margin-top:var(--wp--preset--spacing--20);margin-bottom:var(--wp--preset--spacing--20)\">\n<div class=\"wp-block-column is-vertically-aligned-center is-layout-flow wp-block-column-is-layout-flow\" style=\"padding-top:0;padding-bottom:0;flex-basis:72%\"><h2 style=\"font-size:clamp(1.352rem, 1.352rem + ((1vw - 0.2rem) * 1.06), 2.2rem);line-height:1.1;\" class=\"wp-block-post-title\"><a href=\"https:\/\/inforb.ro\/en\/entry-1-proiectul-a-fost-lansat-planificare-si-evaluare-de-baza-in-cadrul-inforb\/\" target=\"_self\" >Entry 1 \u2013 Project Launched \u2013 Initial Planning and Baseline Assessment within INFORB<\/a><\/h2>\n\n<div class=\"wp-block-post-excerpt\"><p class=\"wp-block-post-excerpt__excerpt\">On November 21, 2023, the INFORB project reached a key milestone with the development and formalization of implementation plans and baseline indicators.\n\nThis stage marked the strategic alignment between partners from Romania and Bulgaria, establishing the project's operational framework, the deliverables timeline, and the initial assessment of cybersecurity levels in the food sector.\n\nBy defining baseline values and key performance indicators (KPIs), the necessary foundation was laid for monitoring both progress and the long-term impact of the project. The planning phase also integrated sector-specific priorities in line with the requirements of the NIS 2 Directive and the objectives of cross-border cooperation. <\/p><\/div><\/div>\n\n\n\n<div class=\"wp-block-column is-vertically-aligned-center is-layout-flow wp-block-column-is-layout-flow\" style=\"flex-basis:28%\"><figure class=\"wp-block-post-featured-image\"><img loading=\"lazy\" decoding=\"async\" width=\"1024\" height=\"1024\" src=\"https:\/\/inforb.ro\/wp-content\/uploads\/2025\/07\/Project-plans-baselines.png\" class=\"attachment-post-thumbnail size-post-thumbnail wp-post-image\" alt=\"\" style=\"object-fit:cover;\" srcset=\"https:\/\/inforb.ro\/wp-content\/uploads\/2025\/07\/Project-plans-baselines.png 1024w, https:\/\/inforb.ro\/wp-content\/uploads\/2025\/07\/Project-plans-baselines-300x300.png 300w, https:\/\/inforb.ro\/wp-content\/uploads\/2025\/07\/Project-plans-baselines-150x150.png 150w, https:\/\/inforb.ro\/wp-content\/uploads\/2025\/07\/Project-plans-baselines-768x768.png 768w, https:\/\/inforb.ro\/wp-content\/uploads\/2025\/07\/Project-plans-baselines-12x12.png 12w\" sizes=\"auto, (max-width: 1024px) 100vw, 1024px\" \/><\/figure>\n\n<div class=\"wp-block-template-part\">\n<div class=\"wp-block-group is-layout-flow wp-block-group-is-layout-flow\">\n<div class=\"wp-block-group is-content-justification-right is-layout-flex wp-container-core-group-is-layout-44d9140d wp-block-group-is-layout-flex\"><div style=\"font-size:clamp(0.875em, 0.875rem + ((1vw - 0.2em) * 0.531), 1.3em);\" class=\"wp-block-post-date\"><time datetime=\"2024-07-15T09:55:00+00:00\"><a href=\"https:\/\/inforb.ro\/en\/entry-1-proiectul-a-fost-lansat-planificare-si-evaluare-de-baza-in-cadrul-inforb\/\">Jul 15, 2024<\/a><\/time><\/div>\n\n\n<p class=\"has-contrast-2-color has-text-color\"><\/p>\n<\/div>\n<\/div>\n<\/div><\/div>\n<\/div>\n\n<\/li><\/ul>\n\n\n<div style=\"height:var(--wp--preset--spacing--30)\" aria-hidden=\"true\" class=\"wp-block-spacer\"><\/div>\n\n\n\n\n<\/div>\n<\/div>\n<\/div>\n\n\n\n<p><\/p>","protected":false},"excerpt":{"rendered":"","protected":false},"author":1,"featured_media":0,"parent":0,"menu_order":0,"comment_status":"closed","ping_status":"closed","template":"","meta":{"footnotes":""},"class_list":["post-715","page","type-page","status-publish","hentry"],"_links":{"self":[{"href":"https:\/\/inforb.ro\/en\/wp-json\/wp\/v2\/pages\/715","targetHints":{"allow":["GET"]}}],"collection":[{"href":"https:\/\/inforb.ro\/en\/wp-json\/wp\/v2\/pages"}],"about":[{"href":"https:\/\/inforb.ro\/en\/wp-json\/wp\/v2\/types\/page"}],"author":[{"embeddable":true,"href":"https:\/\/inforb.ro\/en\/wp-json\/wp\/v2\/users\/1"}],"replies":[{"embeddable":true,"href":"https:\/\/inforb.ro\/en\/wp-json\/wp\/v2\/comments?post=715"}],"version-history":[{"count":15,"href":"https:\/\/inforb.ro\/en\/wp-json\/wp\/v2\/pages\/715\/revisions"}],"predecessor-version":[{"id":1055,"href":"https:\/\/inforb.ro\/en\/wp-json\/wp\/v2\/pages\/715\/revisions\/1055"}],"wp:attachment":[{"href":"https:\/\/inforb.ro\/en\/wp-json\/wp\/v2\/media?parent=715"}],"curies":[{"name":"wp","href":"https:\/\/api.w.org\/{rel}","templated":true}]}}