{"id":467,"date":"2025-05-16T11:18:01","date_gmt":"2025-05-16T11:18:01","guid":{"rendered":"https:\/\/inforb-wp.demo.certsign.ro\/?page_id=467"},"modified":"2025-05-29T10:49:33","modified_gmt":"2025-05-29T10:49:33","slug":"about","status":"publish","type":"page","link":"https:\/\/inforb.ro\/en\/about\/","title":{"rendered":"About"},"content":{"rendered":"<div class=\"wp-block-group alignfull has-global-padding is-layout-constrained wp-container-core-group-is-layout-cb151cc7 wp-block-group-is-layout-constrained\" style=\"margin-top:0;margin-bottom:0;padding-top:0;padding-right:var(--wp--preset--spacing--50);padding-bottom:0;padding-left:var(--wp--preset--spacing--50)\">\n<div class=\"wp-block-group alignwide has-global-padding is-layout-constrained wp-container-core-group-is-layout-19e250f3 wp-block-group-is-layout-constrained\">\n<h2 class=\"wp-block-heading has-text-align-center is-style-default has-xx-large-font-size\">About us<\/h2>\n\n\n\n<div class=\"wp-block-group is-vertical is-content-justification-center is-layout-flex wp-container-core-group-is-layout-0a2f95f9 wp-block-group-is-layout-flex\" style=\"padding-top:1.2em;padding-right:1em;padding-bottom:1.2em;padding-left:1em\">\n<p class=\"has-text-align-center translation-block\">The <strong>infoRB<\/strong> project aims to identify economic entities and classify them as essential and important entities within a critically important sector, to assess and ensure <strong>cybersecurity<\/strong>\u2014including the supply chain\u2014specifically for the \u201cproduction, processing and distribution of food\u201d sector (hereinafter referred to as the \u201cfood sector\u201d), a new sector established by <strong>Directive (EU)\u202f2022\/2555<\/strong> of the European Parliament and of the Council of 14\u202fDecember\u202f2022 on measures for a high common level of cybersecurity across the Union.<\/p>\n\n\n\n<p class=\"has-text-align-center translation-block\">The \u201cProduction, processing and distribution of food\u201d sector is one of the seven economic sectors considered <strong>\u201cOTHER CRITICAL SECTORS\u201d<\/strong> under the NIS2 Directive.<\/p>\n\n\n\n<p class=\"has-text-align-center\">Entities in the food sector, as well as their supply chains, need guidance on implementing cybersecurity awareness and training programs. In particular, it is necessary to define the required training for the various roles and responsibilities within the food sector, as well as to foster cross\u2011border cooperation between the Romanian and Bulgarian national authorities that have specific functions and duties in this field.<\/p>\n<\/div>\n\n\n\n<div style=\"height:var(--wp--preset--spacing--40)\" aria-hidden=\"true\" class=\"wp-block-spacer\"><\/div>\n\n\n\n<div class=\"wp-block-columns alignwide is-layout-flex wp-container-core-columns-is-layout-d1c656ed wp-block-columns-is-layout-flex\">\n<div class=\"wp-block-column is-vertically-aligned-center is-layout-flow wp-block-column-is-layout-flow\" style=\"flex-basis:40%\">\n<h3 class=\"wp-block-heading is-style-asterisk\" style=\"font-size:clamp(1.502rem, 1.502rem + ((1vw - 0.2rem) * 1.248), 2.5rem);\">The project is implemented in partnership by:<\/h3>\n\n\n\n<ul style=\"line-height:1.75\" class=\"wp-block-list is-style-checkmark-list\">\n<li>National Cyber Security Directorate (DNSC) \u2013 Romania<\/li>\n\n\n\n<li>The Ministry of Electronic Governance of Bulgaria (MEG) <\/li>\n\n\n\n<li>CERTSIGN SA<\/li>\n\n\n\n<li>Expertware Be<\/li>\n<\/ul>\n<\/div>\n\n\n\n<div class=\"wp-block-column is-layout-flow wp-block-column-is-layout-flow\" style=\"flex-basis:50%\">\n<figure class=\"wp-block-image size-full is-style-rounded is-style-rounded--1\"><img loading=\"lazy\" decoding=\"async\" width=\"10368\" height=\"6912\" src=\"https:\/\/inforb.ro\/wp-content\/uploads\/2025\/05\/the-jopwell-collection-rO7eGpwfHbE-unsplash-1.jpg\" alt=\"\" class=\"wp-image-662\"\/><\/figure>\n<\/div>\n<\/div>\n\n\n\n<div style=\"height:var(--wp--preset--spacing--40)\" aria-hidden=\"true\" class=\"wp-block-spacer\"><\/div>\n\n\n\n<div class=\"wp-block-columns alignwide is-layout-flex wp-container-core-columns-is-layout-d1c656ed wp-block-columns-is-layout-flex\">\n<div class=\"wp-block-column is-layout-flow wp-block-column-is-layout-flow\" style=\"flex-basis:50%\">\n<figure class=\"wp-block-image size-full is-style-rounded is-style-rounded--2\"><img loading=\"lazy\" decoding=\"async\" width=\"1500\" height=\"1000\" src=\"https:\/\/inforb.ro\/wp-content\/uploads\/2025\/05\/the-jopwell-collection-rO7eGpwfHbE-unsplash-1-4.jpg\" alt=\"\" class=\"wp-image-689\" srcset=\"https:\/\/inforb.ro\/wp-content\/uploads\/2025\/05\/the-jopwell-collection-rO7eGpwfHbE-unsplash-1-4.jpg 1500w, https:\/\/inforb.ro\/wp-content\/uploads\/2025\/05\/the-jopwell-collection-rO7eGpwfHbE-unsplash-1-4-300x200.jpg 300w, https:\/\/inforb.ro\/wp-content\/uploads\/2025\/05\/the-jopwell-collection-rO7eGpwfHbE-unsplash-1-4-1024x683.jpg 1024w, https:\/\/inforb.ro\/wp-content\/uploads\/2025\/05\/the-jopwell-collection-rO7eGpwfHbE-unsplash-1-4-768x512.jpg 768w\" sizes=\"auto, (max-width: 1500px) 100vw, 1500px\" \/><\/figure>\n<\/div>\n\n\n\n<div class=\"wp-block-column is-vertically-aligned-center is-layout-flow wp-block-column-is-layout-flow\" style=\"flex-basis:40%\">\n<h3 class=\"wp-block-heading is-style-asterisk\" style=\"font-size:clamp(1.502em, 1.502rem + ((1vw - 0.2em) * 1.248), 2.5em);\">Funding<\/h3>\n\n\n\n<ul style=\"line-height:1.75\" class=\"wp-block-list is-style-checkmark-list\">\n<li><strong>infoRB Project<\/strong> is funded through a European grant with a maximum value of over EUR 570,000, with a total estimated budget of over EUR 1.1 million. The funding covers activities such as project management, identification of critical entities in the food sector, development of a cross-border cooperation platform, and awareness and training programs in the field of cybersecurity.<\/li>\n<\/ul>\n<\/div>\n<\/div>\n\n\n\n<div style=\"height:var(--wp--preset--spacing--40)\" aria-hidden=\"true\" class=\"wp-block-spacer\"><\/div>\n\n\n\n<div class=\"wp-block-columns alignwide is-layout-flex wp-container-core-columns-is-layout-d1c656ed wp-block-columns-is-layout-flex\">\n<div class=\"wp-block-column is-vertically-aligned-center is-layout-flow wp-block-column-is-layout-flow\" style=\"flex-basis:40%\">\n<h3 class=\"wp-block-heading is-style-asterisk\" style=\"font-size:clamp(1.502rem, 1.502rem + ((1vw - 0.2rem) * 1.248), 2.5rem);\">General and Specific Objectives<\/h3>\n\n\n\n<ul style=\"line-height:1.75\" class=\"wp-block-list is-style-checkmark-list\">\n<li> Identifying entities in the food sector and classifying them as essential and important.<\/li>\n\n\n\n<li>Facilitating real-time information exchange between entities and the competent national authorities from Romania and Bulgaria.<\/li>\n\n\n\n<li>Assessing cybersecurity for entities in the food sector.<\/li>\n\n\n\n<li>Identifying and managing cybersecurity risks specific to the food supply chain.<\/li>\n\n\n\n<li>Training sessions for staff responsible for cybersecurity management.<\/li>\n\n\n\n<li>Awareness campaigns conducted at the national level for the food sector and the public.<\/li>\n<\/ul>\n<\/div>\n\n\n\n<div class=\"wp-block-column is-layout-flow wp-block-column-is-layout-flow\" style=\"flex-basis:50%\">\n<figure class=\"wp-block-image size-full is-style-rounded is-style-rounded--3\"><img loading=\"lazy\" decoding=\"async\" width=\"1500\" height=\"1000\" src=\"https:\/\/inforb.ro\/wp-content\/uploads\/2025\/05\/the-jopwell-collection-rO7eGpwfHbE-unsplash-1-3.jpg\" alt=\"\" class=\"wp-image-687\" srcset=\"https:\/\/inforb.ro\/wp-content\/uploads\/2025\/05\/the-jopwell-collection-rO7eGpwfHbE-unsplash-1-3.jpg 1500w, https:\/\/inforb.ro\/wp-content\/uploads\/2025\/05\/the-jopwell-collection-rO7eGpwfHbE-unsplash-1-3-300x200.jpg 300w, https:\/\/inforb.ro\/wp-content\/uploads\/2025\/05\/the-jopwell-collection-rO7eGpwfHbE-unsplash-1-3-1024x683.jpg 1024w, https:\/\/inforb.ro\/wp-content\/uploads\/2025\/05\/the-jopwell-collection-rO7eGpwfHbE-unsplash-1-3-768x512.jpg 768w\" sizes=\"auto, (max-width: 1500px) 100vw, 1500px\" \/><\/figure>\n<\/div>\n<\/div>\n\n\n\n<div style=\"height:var(--wp--preset--spacing--40)\" aria-hidden=\"true\" class=\"wp-block-spacer\"><\/div>\n\n\n\n<div class=\"wp-block-columns alignwide is-layout-flex wp-container-core-columns-is-layout-d1c656ed wp-block-columns-is-layout-flex\">\n<div class=\"wp-block-column is-layout-flow wp-block-column-is-layout-flow\" style=\"flex-basis:50%\">\n<figure class=\"wp-block-image size-full is-style-rounded is-style-rounded--4\"><img loading=\"lazy\" decoding=\"async\" width=\"1500\" height=\"1000\" src=\"https:\/\/inforb.ro\/wp-content\/uploads\/2025\/05\/the-jopwell-collection-rO7eGpwfHbE-unsplash-1-2.jpg\" alt=\"\" class=\"wp-image-685\" srcset=\"https:\/\/inforb.ro\/wp-content\/uploads\/2025\/05\/the-jopwell-collection-rO7eGpwfHbE-unsplash-1-2.jpg 1500w, https:\/\/inforb.ro\/wp-content\/uploads\/2025\/05\/the-jopwell-collection-rO7eGpwfHbE-unsplash-1-2-300x200.jpg 300w, https:\/\/inforb.ro\/wp-content\/uploads\/2025\/05\/the-jopwell-collection-rO7eGpwfHbE-unsplash-1-2-1024x683.jpg 1024w, https:\/\/inforb.ro\/wp-content\/uploads\/2025\/05\/the-jopwell-collection-rO7eGpwfHbE-unsplash-1-2-768x512.jpg 768w\" sizes=\"auto, (max-width: 1500px) 100vw, 1500px\" \/><\/figure>\n<\/div>\n\n\n\n<div class=\"wp-block-column is-vertically-aligned-center is-layout-flow wp-block-column-is-layout-flow\" style=\"flex-basis:40%\">\n<h3 class=\"wp-block-heading is-style-asterisk\" style=\"font-size:clamp(1.502em, 1.502rem + ((1vw - 0.2em) * 1.248), 2.5em);\">Expected Results<\/h3>\n\n\n\n<ul style=\"line-height:1.75\" class=\"wp-block-list is-style-checkmark-list\">\n<li>Identification and involvement of at least 50 entities from the food sector<\/li>\n\n\n\n<li>Adoption of cybersecurity tools and practices<\/li>\n\n\n\n<li>Training of at least 50 representatives of food sector entities<\/li>\n\n\n\n<li>Operationalization of the CORB platform<\/li>\n<\/ul>\n<\/div>\n<\/div>\n<\/div>\n<\/div>","protected":false},"excerpt":{"rendered":"<p>Despre noi Proiectul\u00a0infoRB\u00a0\u00ee\u0219i propune s\u0103 identifice entit\u0103\u021bile economice \u0219i s\u0103 le clasifice \u00een entit\u0103\u021bi esen\u021biale \u0219i importante \u00eentr-un sector de importan\u021b\u0103 critic\u0103, s\u0103 evalueze \u0219i s\u0103 asigure\u00a0securitatea cibernetic\u0103, inclusiv lan\u021bul de aprovizionare, \u0219i anume pentru sectorul \u201eproduc\u021bia, prelucrarea \u0219i distribu\u021bia alimentelor\u201d (denumit \u00een continuare \u201esectorul alimentar\u201d), un sector nou stabilit prin\u00a0Directiva (UE) 2022\/2555\u00a0a Parlamentului European [&hellip;]<\/p>","protected":false},"author":1,"featured_media":0,"parent":0,"menu_order":0,"comment_status":"closed","ping_status":"closed","template":"","meta":{"footnotes":""},"class_list":["post-467","page","type-page","status-publish","hentry"],"_links":{"self":[{"href":"https:\/\/inforb.ro\/en\/wp-json\/wp\/v2\/pages\/467","targetHints":{"allow":["GET"]}}],"collection":[{"href":"https:\/\/inforb.ro\/en\/wp-json\/wp\/v2\/pages"}],"about":[{"href":"https:\/\/inforb.ro\/en\/wp-json\/wp\/v2\/types\/page"}],"author":[{"embeddable":true,"href":"https:\/\/inforb.ro\/en\/wp-json\/wp\/v2\/users\/1"}],"replies":[{"embeddable":true,"href":"https:\/\/inforb.ro\/en\/wp-json\/wp\/v2\/comments?post=467"}],"version-history":[{"count":36,"href":"https:\/\/inforb.ro\/en\/wp-json\/wp\/v2\/pages\/467\/revisions"}],"predecessor-version":[{"id":927,"href":"https:\/\/inforb.ro\/en\/wp-json\/wp\/v2\/pages\/467\/revisions\/927"}],"wp:attachment":[{"href":"https:\/\/inforb.ro\/en\/wp-json\/wp\/v2\/media?parent=467"}],"curies":[{"name":"wp","href":"https:\/\/api.w.org\/{rel}","templated":true}]}}