{"id":1078,"date":"2024-07-15T09:52:00","date_gmt":"2024-07-15T09:52:00","guid":{"rendered":"https:\/\/inforb-wp.demo.certsign.ro\/?page_id=1078"},"modified":"2025-07-14T09:54:36","modified_gmt":"2025-07-14T09:54:36","slug":"entry-1-proiectul-a-fost-lansat-planificare-si-evaluare-de-baza-in-cadrul-inforb","status":"publish","type":"page","link":"https:\/\/inforb.ro\/en\/entry-1-proiectul-a-fost-lansat-planificare-si-evaluare-de-baza-in-cadrul-inforb\/","title":{"rendered":"Entry 1 \u2013 Project Launched \u2013 Initial Planning and Baseline Assessment within INFORB"},"content":{"rendered":"<p><strong>On 21 November 2023, the INFORB project reached a key milestone with the development and formalization of the implementation plans and benchmarks.<\/strong><\/p>\n\n\n\n<p>This stage marked the strategic alignment between the Romanian and Bulgarian partners, establishing the project's operational framework, the schedule of deliverables and the initial assessment of the level of cyber security in the food sector.<\/p>\n\n\n\n<p>By defining benchmarks and performance indicators (KPIs), the necessary preconditions for monitoring the progress and impact of the project in the long term have been created. The planning also integrated sector-specific priorities, in line with the requirements of the NIS 2 Directive and cross-border cooperation objectives.<\/p>","protected":false},"excerpt":{"rendered":"<p>La data de 21 noiembrie 2023, proiectul INFORB a atins un moment-cheie prin elaborarea \u0219i formalizarea planurilor de implementare \u0219i a indicatorilor de referin\u021b\u0103. Aceast\u0103 etap\u0103 a marcat alinierea strategic\u0103 dintre partenerii din Rom\u00e2nia \u0219i Bulgaria, stabilind cadrul opera\u021bional al proiectului, calendarul livrabilelor \u0219i evaluarea ini\u021bial\u0103 a nivelului de securitate cibernetic\u0103 \u00een sectorul alimentar. Prin [&hellip;]<\/p>","protected":false},"author":3,"featured_media":1057,"parent":0,"menu_order":0,"comment_status":"closed","ping_status":"closed","template":"","meta":{"footnotes":""},"class_list":["post-1078","page","type-page","status-publish","has-post-thumbnail","hentry"],"_links":{"self":[{"href":"https:\/\/inforb.ro\/en\/wp-json\/wp\/v2\/pages\/1078","targetHints":{"allow":["GET"]}}],"collection":[{"href":"https:\/\/inforb.ro\/en\/wp-json\/wp\/v2\/pages"}],"about":[{"href":"https:\/\/inforb.ro\/en\/wp-json\/wp\/v2\/types\/page"}],"author":[{"embeddable":true,"href":"https:\/\/inforb.ro\/en\/wp-json\/wp\/v2\/users\/3"}],"replies":[{"embeddable":true,"href":"https:\/\/inforb.ro\/en\/wp-json\/wp\/v2\/comments?post=1078"}],"version-history":[{"count":1,"href":"https:\/\/inforb.ro\/en\/wp-json\/wp\/v2\/pages\/1078\/revisions"}],"predecessor-version":[{"id":1080,"href":"https:\/\/inforb.ro\/en\/wp-json\/wp\/v2\/pages\/1078\/revisions\/1080"}],"wp:featuredmedia":[{"embeddable":true,"href":"https:\/\/inforb.ro\/en\/wp-json\/wp\/v2\/media\/1057"}],"wp:attachment":[{"href":"https:\/\/inforb.ro\/en\/wp-json\/wp\/v2\/media?parent=1078"}],"curies":[{"name":"wp","href":"https:\/\/api.w.org\/{rel}","templated":true}]}}